{"id":6745,"date":"2021-11-24T16:04:40","date_gmt":"2021-11-24T14:04:40","guid":{"rendered":"https:\/\/www.etsteas.co.uk\/our-mission\/"},"modified":"2025-02-18T19:05:48","modified_gmt":"2025-02-18T17:05:48","slug":"notre-mission","status":"publish","type":"page","link":"https:\/\/www.etsteas.co.uk\/fr\/notre-mission\/","title":{"rendered":"Notre mission"},"content":{"rendered":"","protected":false},"excerpt":{"rendered":"","protected":false},"author":3,"featured_media":0,"parent":0,"menu_order":0,"comment_status":"closed","ping_status":"closed","template":"views\/template-freesection.blade.php","meta":{"_acf_changed":false,"_relevanssi_hide_post":"","_relevanssi_hide_content":"","_relevanssi_pin_for_all":"","_relevanssi_pin_keywords":"","_relevanssi_unpin_keywords":"","_relevanssi_related_keywords":"","_relevanssi_related_include_ids":"","_relevanssi_related_exclude_ids":"","_relevanssi_related_no_append":"","_relevanssi_related_not_related":"","_relevanssi_related_posts":"","_relevanssi_noindex_reason":"","footnotes":""},"class_list":["post-6745","page","type-page","status-publish","hentry"],"acf":[],"yoast_head":"<!-- This site is optimized with the Yoast SEO plugin v25.3 - https:\/\/yoast.com\/wordpress\/plugins\/seo\/ -->\n<title>Notre mission - English Tea shop<\/title>\n<meta name=\"description\" content=\"D\u00e9couvrez nos engagements pour r\u00e9volutionner la fili\u00e8re th\u00e9 et nos actions sur le terrain pour developper l&#039;agriculture biologique\" \/>\n<meta name=\"robots\" content=\"index, follow, max-snippet:-1, max-image-preview:large, max-video-preview:-1\" \/>\n<link rel=\"canonical\" href=\"https:\/\/www.etsteas.co.uk\/fr\/notre-mission\/\" \/>\n<meta property=\"og:locale\" content=\"fr_FR\" \/>\n<meta property=\"og:type\" content=\"article\" \/>\n<meta property=\"og:title\" content=\"Notre mission - English Tea shop\" \/>\n<meta property=\"og:description\" content=\"D\u00e9couvrez nos engagements pour r\u00e9volutionner la fili\u00e8re th\u00e9 et nos actions sur le terrain pour developper l&#039;agriculture biologique\" \/>\n<meta property=\"og:url\" content=\"https:\/\/www.etsteas.co.uk\/fr\/notre-mission\/\" \/>\n<meta property=\"og:site_name\" content=\"English Tea shop\" \/>\n<meta property=\"article:modified_time\" content=\"2025-02-18T17:05:48+00:00\" \/>\n<meta property=\"og:image\" content=\"https:\/\/www.etsteas.co.uk\/app\/uploads\/2022\/01\/ets-2.jpg\" \/>\n\t<meta property=\"og:image:width\" content=\"1200\" \/>\n\t<meta property=\"og:image:height\" content=\"628\" \/>\n\t<meta property=\"og:image:type\" content=\"image\/jpeg\" \/>\n<meta name=\"twitter:card\" content=\"summary_large_image\" \/>\n<script type=\"application\/ld+json\" class=\"yoast-schema-graph\">{\"@context\":\"https:\/\/schema.org\",\"@graph\":[{\"@type\":\"WebPage\",\"@id\":\"https:\/\/www.etsteas.co.uk\/fr\/notre-mission\/\",\"url\":\"https:\/\/www.etsteas.co.uk\/fr\/notre-mission\/\",\"name\":\"Notre mission - English Tea shop\",\"isPartOf\":{\"@id\":\"https:\/\/www.etsteas.co.uk\/fr\/#website\"},\"datePublished\":\"2021-11-24T14:04:40+00:00\",\"dateModified\":\"2025-02-18T17:05:48+00:00\",\"description\":\"D\u00e9couvrez nos engagements pour r\u00e9volutionner la fili\u00e8re th\u00e9 et nos actions sur le terrain pour developper l'agriculture biologique\",\"breadcrumb\":{\"@id\":\"https:\/\/www.etsteas.co.uk\/fr\/notre-mission\/#breadcrumb\"},\"inLanguage\":\"fr-FR\",\"potentialAction\":[{\"@type\":\"ReadAction\",\"target\":[\"https:\/\/www.etsteas.co.uk\/fr\/notre-mission\/\"]}]},{\"@type\":\"BreadcrumbList\",\"@id\":\"https:\/\/www.etsteas.co.uk\/fr\/notre-mission\/#breadcrumb\",\"itemListElement\":[{\"@type\":\"ListItem\",\"position\":1,\"name\":\"Home\",\"item\":\"https:\/\/www.etsteas.co.uk\/fr\/\"},{\"@type\":\"ListItem\",\"position\":2,\"name\":\"Notre mission\"}]},{\"@type\":\"WebSite\",\"@id\":\"https:\/\/www.etsteas.co.uk\/fr\/#website\",\"url\":\"https:\/\/www.etsteas.co.uk\/fr\/\",\"name\":\"English Tea shop\",\"description\":\"\",\"publisher\":{\"@id\":\"https:\/\/www.etsteas.co.uk\/fr\/#organization\"},\"inLanguage\":\"fr-FR\"},{\"@type\":\"Organization\",\"@id\":\"https:\/\/www.etsteas.co.uk\/fr\/#organization\",\"name\":\"English Tea Shop\",\"url\":\"https:\/\/www.etsteas.co.uk\/fr\/\",\"logo\":{\"@type\":\"ImageObject\",\"inLanguage\":\"fr-FR\",\"@id\":\"https:\/\/www.etsteas.co.uk\/fr\/#\/schema\/logo\/image\/\",\"url\":\"https:\/\/www.etsteas.co.uk\/app\/uploads\/2022\/01\/logo-organic.png\",\"contentUrl\":\"https:\/\/www.etsteas.co.uk\/app\/uploads\/2022\/01\/logo-organic.png\",\"width\":130,\"height\":59,\"caption\":\"English Tea Shop\"},\"image\":{\"@id\":\"https:\/\/www.etsteas.co.uk\/fr\/#\/schema\/logo\/image\/\"}}]}<\/script>\n<!-- \/ Yoast SEO plugin. -->","yoast_head_json":{"title":"Notre mission - English Tea shop","description":"D\u00e9couvrez nos engagements pour r\u00e9volutionner la fili\u00e8re th\u00e9 et nos actions sur le terrain pour developper l'agriculture biologique","robots":{"index":"index","follow":"follow","max-snippet":"max-snippet:-1","max-image-preview":"max-image-preview:large","max-video-preview":"max-video-preview:-1"},"canonical":"https:\/\/www.etsteas.co.uk\/fr\/notre-mission\/","og_locale":"fr_FR","og_type":"article","og_title":"Notre mission - English Tea shop","og_description":"D\u00e9couvrez nos engagements pour r\u00e9volutionner la fili\u00e8re th\u00e9 et nos actions sur le terrain pour developper l'agriculture biologique","og_url":"https:\/\/www.etsteas.co.uk\/fr\/notre-mission\/","og_site_name":"English Tea shop","article_modified_time":"2025-02-18T17:05:48+00:00","og_image":[{"width":1200,"height":628,"url":"https:\/\/www.etsteas.co.uk\/app\/uploads\/2022\/01\/ets-2.jpg","type":"image\/jpeg"}],"twitter_card":"summary_large_image","schema":{"@context":"https:\/\/schema.org","@graph":[{"@type":"WebPage","@id":"https:\/\/www.etsteas.co.uk\/fr\/notre-mission\/","url":"https:\/\/www.etsteas.co.uk\/fr\/notre-mission\/","name":"Notre mission - English Tea shop","isPartOf":{"@id":"https:\/\/www.etsteas.co.uk\/fr\/#website"},"datePublished":"2021-11-24T14:04:40+00:00","dateModified":"2025-02-18T17:05:48+00:00","description":"D\u00e9couvrez nos engagements pour r\u00e9volutionner la fili\u00e8re th\u00e9 et nos actions sur le terrain pour developper l'agriculture biologique","breadcrumb":{"@id":"https:\/\/www.etsteas.co.uk\/fr\/notre-mission\/#breadcrumb"},"inLanguage":"fr-FR","potentialAction":[{"@type":"ReadAction","target":["https:\/\/www.etsteas.co.uk\/fr\/notre-mission\/"]}]},{"@type":"BreadcrumbList","@id":"https:\/\/www.etsteas.co.uk\/fr\/notre-mission\/#breadcrumb","itemListElement":[{"@type":"ListItem","position":1,"name":"Home","item":"https:\/\/www.etsteas.co.uk\/fr\/"},{"@type":"ListItem","position":2,"name":"Notre mission"}]},{"@type":"WebSite","@id":"https:\/\/www.etsteas.co.uk\/fr\/#website","url":"https:\/\/www.etsteas.co.uk\/fr\/","name":"English Tea shop","description":"","publisher":{"@id":"https:\/\/www.etsteas.co.uk\/fr\/#organization"},"inLanguage":"fr-FR"},{"@type":"Organization","@id":"https:\/\/www.etsteas.co.uk\/fr\/#organization","name":"English Tea Shop","url":"https:\/\/www.etsteas.co.uk\/fr\/","logo":{"@type":"ImageObject","inLanguage":"fr-FR","@id":"https:\/\/www.etsteas.co.uk\/fr\/#\/schema\/logo\/image\/","url":"https:\/\/www.etsteas.co.uk\/app\/uploads\/2022\/01\/logo-organic.png","contentUrl":"https:\/\/www.etsteas.co.uk\/app\/uploads\/2022\/01\/logo-organic.png","width":130,"height":59,"caption":"English Tea Shop"},"image":{"@id":"https:\/\/www.etsteas.co.uk\/fr\/#\/schema\/logo\/image\/"}}]}},"_links":{"self":[{"href":"https:\/\/www.etsteas.co.uk\/fr\/wp-json\/wp\/v2\/pages\/6745","targetHints":{"allow":["GET"]}}],"collection":[{"href":"https:\/\/www.etsteas.co.uk\/fr\/wp-json\/wp\/v2\/pages"}],"about":[{"href":"https:\/\/www.etsteas.co.uk\/fr\/wp-json\/wp\/v2\/types\/page"}],"author":[{"embeddable":true,"href":"https:\/\/www.etsteas.co.uk\/fr\/wp-json\/wp\/v2\/users\/3"}],"replies":[{"embeddable":true,"href":"https:\/\/www.etsteas.co.uk\/fr\/wp-json\/wp\/v2\/comments?post=6745"}],"version-history":[{"count":5,"href":"https:\/\/www.etsteas.co.uk\/fr\/wp-json\/wp\/v2\/pages\/6745\/revisions"}],"predecessor-version":[{"id":10802,"href":"https:\/\/www.etsteas.co.uk\/fr\/wp-json\/wp\/v2\/pages\/6745\/revisions\/10802"}],"wp:attachment":[{"href":"https:\/\/www.etsteas.co.uk\/fr\/wp-json\/wp\/v2\/media?parent=6745"}],"curies":[{"name":"wp","href":"https:\/\/api.w.org\/{rel}","templated":true}]}}